{"id":516,"date":"2024-07-03T18:50:52","date_gmt":"2024-07-03T18:50:52","guid":{"rendered":"https:\/\/calculate.renesejling.dk\/?page_id=516"},"modified":"2024-08-19T13:04:43","modified_gmt":"2024-08-19T13:04:43","slug":"kontakt","status":"publish","type":"page","link":"https:\/\/calculate.renesejling.dk\/en\/kontakt\/","title":{"rendered":"Contact us"},"content":{"rendered":"<h1>\n\t\tContact Us\n\t<\/h1>\n\t<p>If you have any questions, we are happy to help you. Contact us below or send us a message and we will get back to you as soon as possible.<\/p>\n<h2>\n\t\tContact us\n\t<\/h2>\n\t<p><img loading=\"lazy\" decoding=\"async\" src=\"https:\/\/calculate.renesejling.dk\/wp-content\/uploads\/2024\/07\/logo-black-long-1.svg\" alt=\"\" width=\"247\" height=\"89\" \/><\/p>\n<h5><strong>Calculate.it ApS<\/strong><\/h5>\nFrejasvej 4<br \/>\n8881 Thors\u00f8\n<strong>Phone:<\/strong> <a href=\"tel: 45 22242876\">+45 22 24 28 76 <\/a><br \/>\n<strong>Mail:<\/strong> <a href=\"mailto:it@calculate.dk\">it@calculate.dk<\/a>\n<p><strong>CVR:<\/strong> 44831244<\/p>\n<h2>\n\t\tWrite to us\n\t<\/h2>\n\t<iframe src=\"https:\/\/www.google.com\/maps\/embed?pb=!1m18!1m12!1m3!1d2213.7293914282423!2d9.795446213188798!3d56.29998394960101!2m3!1f0!2f0!3f0!3m2!1i1024!2i768!4f13.1!3m3!1m2!1s0x464c092305fc2225%3A0x6bd5e2da0763758b!2sFrejasvej%204%2C%208881%20Thors%C3%B8!5e0!3m2!1sda!2sdk!4v1720033160150!5m2!1sda!2sdk\" width=\"100%\" height=\"650\" allowfullscreen=\"\" loading=\"lazy\" referrerpolicy=\"no-referrer-when-downgrade\"><\/iframe>","protected":false},"excerpt":{"rendered":"<p>Kontakt Os Har du sp\u00f8rgsm\u00e5l s\u00e5 hj\u00e6lper vi dig gerne. Kontakt os herunder, eller send os en besked, s\u00e5 vender vi tilbage snarest muligt. Kontakt os Calculate.it ApS Frejasvej 4 8881 Thors\u00f8 Telefon: +45 22 24 28 76 Mail: it@calculate.dk CVR: 44831244 Skriv til os<\/p>","protected":false},"author":1,"featured_media":0,"parent":0,"menu_order":0,"comment_status":"closed","ping_status":"closed","template":"","meta":{"_acf_changed":false,"site-sidebar-layout":"no-sidebar","site-content-layout":"page-builder","ast-site-content-layout":"default","site-content-style":"default","site-sidebar-style":"default","ast-global-header-display":"","ast-banner-title-visibility":"","ast-main-header-display":"","ast-hfb-above-header-display":"","ast-hfb-below-header-display":"","ast-hfb-mobile-header-display":"","site-post-title":"disabled","ast-breadcrumbs-content":"","ast-featured-img":"disabled","footer-sml-layout":"","theme-transparent-header-meta":"default","adv-header-id-meta":"","stick-header-meta":"","header-above-stick-meta":"","header-main-stick-meta":"","header-below-stick-meta":"","astra-migrate-meta-layouts":"set","ast-page-background-enabled":"default","ast-page-background-meta":{"desktop":{"background-color":"","background-image":"","background-repeat":"repeat","background-position":"center center","background-size":"auto","background-attachment":"scroll","background-type":"","background-media":"","overlay-type":"","overlay-color":"","overlay-opacity":"","overlay-gradient":""},"tablet":{"background-color":"","background-image":"","background-repeat":"repeat","background-position":"center center","background-size":"auto","background-attachment":"scroll","background-type":"","background-media":"","overlay-type":"","overlay-color":"","overlay-opacity":"","overlay-gradient":""},"mobile":{"background-color":"","background-image":"","background-repeat":"repeat","background-position":"center center","background-size":"auto","background-attachment":"scroll","background-type":"","background-media":"","overlay-type":"","overlay-color":"","overlay-opacity":"","overlay-gradient":""}},"ast-content-background-meta":{"desktop":{"background-color":"var(--ast-global-color-5)","background-image":"","background-repeat":"repeat","background-position":"center center","background-size":"auto","background-attachment":"scroll","background-type":"","background-media":"","overlay-type":"","overlay-color":"","overlay-opacity":"","overlay-gradient":""},"tablet":{"background-color":"var(--ast-global-color-5)","background-image":"","background-repeat":"repeat","background-position":"center center","background-size":"auto","background-attachment":"scroll","background-type":"","background-media":"","overlay-type":"","overlay-color":"","overlay-opacity":"","overlay-gradient":""},"mobile":{"background-color":"var(--ast-global-color-5)","background-image":"","background-repeat":"repeat","background-position":"center center","background-size":"auto","background-attachment":"scroll","background-type":"","background-media":"","overlay-type":"","overlay-color":"","overlay-opacity":"","overlay-gradient":""}},"footnotes":""},"class_list":["post-516","page","type-page","status-publish","hentry"],"acf":[],"yoast_head":"<!-- This site is optimized with the Yoast SEO plugin v23.5 - https:\/\/yoast.com\/wordpress\/plugins\/seo\/ -->\n<title>Kontakt - Calculate.it ApS<\/title>\n<meta name=\"robots\" content=\"noindex, follow, max-snippet:-1, max-image-preview:large, max-video-preview:-1\" \/>\n<meta property=\"og:locale\" content=\"en_GB\" \/>\n<meta property=\"og:type\" content=\"article\" \/>\n<meta property=\"og:title\" content=\"Kontakt - Calculate.it ApS\" \/>\n<meta property=\"og:description\" content=\"Kontakt Os Har du sp\u00f8rgsm\u00e5l s\u00e5 hj\u00e6lper vi dig gerne. Kontakt os herunder, eller send os en besked, s\u00e5 vender vi tilbage snarest muligt. Kontakt os Calculate.it ApS Frejasvej 4 8881 Thors\u00f8 Telefon: +45 22 24 28 76 Mail: it@calculate.dk CVR: 44831244 Skriv til os\" \/>\n<meta property=\"og:url\" content=\"https:\/\/calculate.renesejling.dk\/en\/kontakt\/\" \/>\n<meta property=\"og:site_name\" content=\"Calculate.it ApS\" \/>\n<meta property=\"article:modified_time\" content=\"2024-08-19T13:04:43+00:00\" \/>\n<meta property=\"og:image\" content=\"https:\/\/calculate.renesejling.dk\/wp-content\/uploads\/2024\/07\/logo-black-long-1.svg\" \/>\n<meta name=\"twitter:card\" content=\"summary_large_image\" \/>\n<meta name=\"twitter:label1\" content=\"Estimated reading time\" \/>\n\t<meta name=\"twitter:data1\" content=\"4 minutes\" \/>\n<script type=\"application\/ld+json\" class=\"yoast-schema-graph\">{\"@context\":\"https:\/\/schema.org\",\"@graph\":[{\"@type\":\"WebPage\",\"@id\":\"https:\/\/calculate.renesejling.dk\/kontakt\/\",\"url\":\"https:\/\/calculate.renesejling.dk\/kontakt\/\",\"name\":\"Kontakt - Calculate.it ApS\",\"isPartOf\":{\"@id\":\"https:\/\/calculate.renesejling.dk\/#website\"},\"primaryImageOfPage\":{\"@id\":\"https:\/\/calculate.renesejling.dk\/kontakt\/#primaryimage\"},\"image\":{\"@id\":\"https:\/\/calculate.renesejling.dk\/kontakt\/#primaryimage\"},\"thumbnailUrl\":\"https:\/\/calculate.renesejling.dk\/wp-content\/uploads\/2024\/07\/logo-black-long-1.svg\",\"datePublished\":\"2024-07-03T18:50:52+00:00\",\"dateModified\":\"2024-08-19T13:04:43+00:00\",\"breadcrumb\":{\"@id\":\"https:\/\/calculate.renesejling.dk\/kontakt\/#breadcrumb\"},\"inLanguage\":\"en-GB\",\"potentialAction\":[{\"@type\":\"ReadAction\",\"target\":[\"https:\/\/calculate.renesejling.dk\/kontakt\/\"]}]},{\"@type\":\"ImageObject\",\"inLanguage\":\"en-GB\",\"@id\":\"https:\/\/calculate.renesejling.dk\/kontakt\/#primaryimage\",\"url\":\"https:\/\/calculate.renesejling.dk\/wp-content\/uploads\/2024\/07\/logo-black-long-1.svg\",\"contentUrl\":\"https:\/\/calculate.renesejling.dk\/wp-content\/uploads\/2024\/07\/logo-black-long-1.svg\"},{\"@type\":\"BreadcrumbList\",\"@id\":\"https:\/\/calculate.renesejling.dk\/kontakt\/#breadcrumb\",\"itemListElement\":[{\"@type\":\"ListItem\",\"position\":1,\"name\":\"Home\",\"item\":\"https:\/\/calculate.renesejling.dk\/\"},{\"@type\":\"ListItem\",\"position\":2,\"name\":\"Kontakt\"}]},{\"@type\":\"WebSite\",\"@id\":\"https:\/\/calculate.renesejling.dk\/#website\",\"url\":\"https:\/\/calculate.renesejling.dk\/\",\"name\":\"Calculate.it ApS\",\"description\":\"Just another WordPress site\",\"publisher\":{\"@id\":\"https:\/\/calculate.renesejling.dk\/#organization\"},\"potentialAction\":[{\"@type\":\"SearchAction\",\"target\":{\"@type\":\"EntryPoint\",\"urlTemplate\":\"https:\/\/calculate.renesejling.dk\/?s={search_term_string}\"},\"query-input\":{\"@type\":\"PropertyValueSpecification\",\"valueRequired\":true,\"valueName\":\"search_term_string\"}}],\"inLanguage\":\"en-GB\"},{\"@type\":\"Organization\",\"@id\":\"https:\/\/calculate.renesejling.dk\/#organization\",\"name\":\"Calculate.it ApS\",\"url\":\"https:\/\/calculate.renesejling.dk\/\",\"logo\":{\"@type\":\"ImageObject\",\"inLanguage\":\"en-GB\",\"@id\":\"https:\/\/calculate.renesejling.dk\/#\/schema\/logo\/image\/\",\"url\":\"https:\/\/calculate.renesejling.dk\/wp-content\/uploads\/2024\/07\/CALCULATE-IT-SOURCE-FILE-01.png\",\"contentUrl\":\"https:\/\/calculate.renesejling.dk\/wp-content\/uploads\/2024\/07\/CALCULATE-IT-SOURCE-FILE-01.png\",\"width\":2481,\"height\":1725,\"caption\":\"Calculate.it ApS\"},\"image\":{\"@id\":\"https:\/\/calculate.renesejling.dk\/#\/schema\/logo\/image\/\"}}]}<\/script>\n<!-- \/ Yoast SEO plugin. -->","yoast_head_json":{"title":"Kontakt - Calculate.it ApS","robots":{"index":"noindex","follow":"follow","max-snippet":"max-snippet:-1","max-image-preview":"max-image-preview:large","max-video-preview":"max-video-preview:-1"},"og_locale":"en_GB","og_type":"article","og_title":"Kontakt - Calculate.it ApS","og_description":"Kontakt Os Har du sp\u00f8rgsm\u00e5l s\u00e5 hj\u00e6lper vi dig gerne. Kontakt os herunder, eller send os en besked, s\u00e5 vender vi tilbage snarest muligt. Kontakt os Calculate.it ApS Frejasvej 4 8881 Thors\u00f8 Telefon: +45 22 24 28 76 Mail: it@calculate.dk CVR: 44831244 Skriv til os","og_url":"https:\/\/calculate.renesejling.dk\/en\/kontakt\/","og_site_name":"Calculate.it ApS","article_modified_time":"2024-08-19T13:04:43+00:00","og_image":[{"url":"https:\/\/calculate.renesejling.dk\/wp-content\/uploads\/2024\/07\/logo-black-long-1.svg"}],"twitter_card":"summary_large_image","twitter_misc":{"Estimated reading time":"4 minutes"},"schema":{"@context":"https:\/\/schema.org","@graph":[{"@type":"WebPage","@id":"https:\/\/calculate.renesejling.dk\/kontakt\/","url":"https:\/\/calculate.renesejling.dk\/kontakt\/","name":"Kontakt - Calculate.it ApS","isPartOf":{"@id":"https:\/\/calculate.renesejling.dk\/#website"},"primaryImageOfPage":{"@id":"https:\/\/calculate.renesejling.dk\/kontakt\/#primaryimage"},"image":{"@id":"https:\/\/calculate.renesejling.dk\/kontakt\/#primaryimage"},"thumbnailUrl":"https:\/\/calculate.renesejling.dk\/wp-content\/uploads\/2024\/07\/logo-black-long-1.svg","datePublished":"2024-07-03T18:50:52+00:00","dateModified":"2024-08-19T13:04:43+00:00","breadcrumb":{"@id":"https:\/\/calculate.renesejling.dk\/kontakt\/#breadcrumb"},"inLanguage":"en-GB","potentialAction":[{"@type":"ReadAction","target":["https:\/\/calculate.renesejling.dk\/kontakt\/"]}]},{"@type":"ImageObject","inLanguage":"en-GB","@id":"https:\/\/calculate.renesejling.dk\/kontakt\/#primaryimage","url":"https:\/\/calculate.renesejling.dk\/wp-content\/uploads\/2024\/07\/logo-black-long-1.svg","contentUrl":"https:\/\/calculate.renesejling.dk\/wp-content\/uploads\/2024\/07\/logo-black-long-1.svg"},{"@type":"BreadcrumbList","@id":"https:\/\/calculate.renesejling.dk\/kontakt\/#breadcrumb","itemListElement":[{"@type":"ListItem","position":1,"name":"Home","item":"https:\/\/calculate.renesejling.dk\/"},{"@type":"ListItem","position":2,"name":"Kontakt"}]},{"@type":"WebSite","@id":"https:\/\/calculate.renesejling.dk\/#website","url":"https:\/\/calculate.renesejling.dk\/","name":"Calculate.it ApS","description":"Just another WordPress site","publisher":{"@id":"https:\/\/calculate.renesejling.dk\/#organization"},"potentialAction":[{"@type":"SearchAction","target":{"@type":"EntryPoint","urlTemplate":"https:\/\/calculate.renesejling.dk\/?s={search_term_string}"},"query-input":{"@type":"PropertyValueSpecification","valueRequired":true,"valueName":"search_term_string"}}],"inLanguage":"en-GB"},{"@type":"Organization","@id":"https:\/\/calculate.renesejling.dk\/#organization","name":"Calculate.it ApS","url":"https:\/\/calculate.renesejling.dk\/","logo":{"@type":"ImageObject","inLanguage":"en-GB","@id":"https:\/\/calculate.renesejling.dk\/#\/schema\/logo\/image\/","url":"https:\/\/calculate.renesejling.dk\/wp-content\/uploads\/2024\/07\/CALCULATE-IT-SOURCE-FILE-01.png","contentUrl":"https:\/\/calculate.renesejling.dk\/wp-content\/uploads\/2024\/07\/CALCULATE-IT-SOURCE-FILE-01.png","width":2481,"height":1725,"caption":"Calculate.it ApS"},"image":{"@id":"https:\/\/calculate.renesejling.dk\/#\/schema\/logo\/image\/"}}]}},"_links":{"self":[{"href":"https:\/\/calculate.renesejling.dk\/en\/wp-json\/wp\/v2\/pages\/516","targetHints":{"allow":["GET"]}}],"collection":[{"href":"https:\/\/calculate.renesejling.dk\/en\/wp-json\/wp\/v2\/pages"}],"about":[{"href":"https:\/\/calculate.renesejling.dk\/en\/wp-json\/wp\/v2\/types\/page"}],"author":[{"embeddable":true,"href":"https:\/\/calculate.renesejling.dk\/en\/wp-json\/wp\/v2\/users\/1"}],"replies":[{"embeddable":true,"href":"https:\/\/calculate.renesejling.dk\/en\/wp-json\/wp\/v2\/comments?post=516"}],"version-history":[{"count":8,"href":"https:\/\/calculate.renesejling.dk\/en\/wp-json\/wp\/v2\/pages\/516\/revisions"}],"predecessor-version":[{"id":765,"href":"https:\/\/calculate.renesejling.dk\/en\/wp-json\/wp\/v2\/pages\/516\/revisions\/765"}],"wp:attachment":[{"href":"https:\/\/calculate.renesejling.dk\/en\/wp-json\/wp\/v2\/media?parent=516"}],"curies":[{"name":"wp","href":"https:\/\/api.w.org\/{rel}","templated":true}]}}